{"id":259,"date":"2025-04-12T02:02:29","date_gmt":"2025-04-12T02:02:29","guid":{"rendered":"https:\/\/exx.solutions\/about-us\/"},"modified":"2025-04-13T18:40:23","modified_gmt":"2025-04-13T18:40:23","slug":"nosotros","status":"publish","type":"page","link":"https:\/\/exx.solutions\/es\/nosotros\/","title":{"rendered":"Nosotros"},"content":{"rendered":"<div class=\"wpb-content-wrapper\"><p>[vc_row full_width=&#8221;stretch_row&#8221; css=&#8221;.vc_custom_1744424377778{background-image: url(https:\/\/exx.solutions\/wp-content\/uploads\/2025\/04\/banner_nosotros.webp?id=83) !important;background-position: center !important;background-repeat: no-repeat !important;background-size: cover !important;}&#8221; el_id=&#8221;superiornosotros&#8221;][vc_column][vc_row_inner][vc_column_inner width=&#8221;1\/2&#8243;][vc_column_text css=&#8221;&#8221; el_class=&#8221;aos-fade-right&#8221;]<\/p>\n<h1>NOSOTROS<\/h1>\n<p>[\/vc_column_text][\/vc_column_inner][vc_column_inner width=&#8221;1\/2&#8243;][\/vc_column_inner][\/vc_row_inner][\/vc_column][\/vc_row][vc_row el_id=&#8221;about1&#8243;][vc_column][vc_column_text css=&#8221;&#8221; el_class=&#8221;aos-fade-up&#8221;]<\/p>\n<h2><strong>Transformamos Negocios a trav\u00e9s de la Tecnolog\u00eda<\/strong><\/h2>\n<p>En EXX Solutions, creemos en el poder de la innovaci\u00f3n y la tecnolog\u00eda para impulsar el crecimiento empresarial. Con a\u00f1os de experiencia en el sector, nuestro equipo de especialistas dise\u00f1a soluciones estrat\u00e9gicas enfocadas en resolver los retos tecnol\u00f3gicos y financieros de nuestros clientes.<br \/>\n[\/vc_column_text][vc_separator css=&#8221;&#8221;][vc_column_text css=&#8221;&#8221; el_class=&#8221;aos-fade-up&#8221;]<strong>Nuestra visi\u00f3n es clara:<\/strong> proporcionar herramientas que permitan a las empresas adaptarse y prosperar en un entorno digital en constante evoluci\u00f3n. Desde infraestructura y seguridad hasta financiamiento y cumplimiento normativo, en EXX Solutions acompa\u00f1amos a nuestros clientes en cada paso de su transformaci\u00f3n digital.<br \/>\n[\/vc_column_text][\/vc_column][\/vc_row][vc_row el_id=&#8221;philosophy&#8221;][vc_column width=&#8221;1\/6&#8243;][\/vc_column][vc_column width=&#8221;2\/3&#8243; el_id=&#8221;content&#8221;][vc_column_text css=&#8221;&#8221; el_class=&#8221;aos-fade-up&#8221;]<\/p>\n<h1 style=\"text-align: center;\"><strong>NUESTRA FILOSOF\u00cdA<br \/>\n<\/strong><\/h1>\n<p>[\/vc_column_text][vc_column_text css=&#8221;&#8221; el_class=&#8221;aos-fade-up&#8221;]<b>Innovaci\u00f3n<\/b><\/p>\n<p><span style=\"font-weight: 400;\">Nos adelantamos a las tendencias tecnol\u00f3gicas para ofrecer soluciones de vanguardia.<\/span><b><\/b><\/p>\n<p>&nbsp;<\/p>\n<p><span style=\"font-weight: 400;\"><b>Estrategia<\/b> <\/span><\/p>\n<p><span style=\"font-weight: 400;\">Cada cliente es \u00fanico, por lo que desarrollamos estrategias personalizadas para sus necesidades.<\/span><b><\/b><\/p>\n<p>&nbsp;<\/p>\n<p><b>Crecimiento<\/b><\/p>\n<p><span style=\"font-weight: 400;\">Nos enfocamos en potenciar el desarrollo empresarial con tecnolog\u00eda efectiva y escalable.<\/span><b><\/b><\/p>\n<p>&nbsp;<\/p>\n<p><b>Seguridad<\/b><\/p>\n<p><span style=\"font-weight: 400;\">Protegemos la informaci\u00f3n y los activos digitales con soluciones robustas.<\/span><\/p>\n<p>&nbsp;<\/p>\n<p><b>Cumplimiento<\/b><\/p>\n<p><span style=\"font-weight: 400;\">Nos aseguramos de que su empresa cumpla con todas las regulaciones necesarias para operar sin riesgos.<\/span>[\/vc_column_text][\/vc_column][vc_column width=&#8221;1\/6&#8243;][\/vc_column][\/vc_row][vc_row el_id=&#8221;about2&#8243;][vc_column][vc_column_text css=&#8221;&#8221; el_class=&#8221;aos-fade-up&#8221;]<strong>Nuestra misi\u00f3n es clara:<\/strong> <span style=\"font-weight: 400;\"> ayudar a nuestros clientes a optimizar sus operaciones, mejorar su competitividad y garantizar un futuro tecnol\u00f3gico seguro y rentable.<br \/>\n<\/span><\/p>\n<p>&nbsp;<\/p>\n<p>En EXX Solutions,<br \/>\nla innovaci\u00f3n y el \u00e9xito van de la mano.<br \/>\n[\/vc_column_text][\/vc_column][\/vc_row][vc_row full_width=&#8221;stretch_row&#8221; css=&#8221;.vc_custom_1743962544681{background-image: url(https:\/\/exx.solutions\/wp-content\/uploads\/2025\/04\/fondo_contacto.png?id=23) !important;}&#8221; el_id=&#8221;ctacontacto&#8221;][vc_column][vc_column_text css_animation=&#8221;none&#8221; css=&#8221;&#8221; el_class=&#8221;aos-fade-down&#8221;]<\/p>\n<p style=\"text-align: center;\">Descubre c\u00f3mo llevar tu negocio al siguiente nivel.<\/p>\n<p>[\/vc_column_text][vc_btn title=&#8221;AGENDA UNA SESI\u00d3N&#8221; align=&#8221;center&#8221; css_animation=&#8221;none&#8221; css=&#8221;&#8221; el_class=&#8221;aos-zoom-in&#8221; link=&#8221;url:https%3A%2F%2Fexx.solutions%2Fes%2Fcontacto%2F|title:Contact|&#8221;][\/vc_column][\/vc_row]<\/p>\n<\/div>","protected":false},"excerpt":{"rendered":"<p>[vc_row full_width=&#8221;stretch_row&#8221; css=&#8221;.vc_custom_1744424377778{background-image: url(https:\/\/exx.solutions\/wp-content\/uploads\/2025\/04\/banner_nosotros.webp?id=83) !important;background-position: center !important;background-repeat: no-repeat !important;background-size: cover !important;}&#8221; el_id=&#8221;superiornosotros&#8221;][vc_column][vc_row_inner][vc_column_inner width=&#8221;1\/2&#8243;][vc_column_text css=&#8221;&#8221; el_class=&#8221;aos-fade-right&#8221;] NOSOTROS [\/vc_column_text][\/vc_column_inner][vc_column_inner width=&#8221;1\/2&#8243;][\/vc_column_inner][\/vc_row_inner][\/vc_column][\/vc_row][vc_row el_id=&#8221;about1&#8243;][vc_column][vc_column_text css=&#8221;&#8221; el_class=&#8221;aos-fade-up&#8221;] Transformamos Negocios a trav\u00e9s de la Tecnolog\u00eda En EXX Solutions, creemos en el poder de la innovaci\u00f3n y la tecnolog\u00eda para impulsar el crecimiento empresarial. Con a\u00f1os de experiencia en el sector, nuestro equipo <a href=\"https:\/\/exx.solutions\/es\/nosotros\/\" class=\"more-link\">&#8230;<span class=\"screen-reader-text\">  Nosotros<\/span><\/a><\/p>\n","protected":false},"author":1,"featured_media":0,"parent":0,"menu_order":0,"comment_status":"closed","ping_status":"closed","template":"","meta":{"nf_dc_page":"","footnotes":""},"class_list":["post-259","page","type-page","status-publish","hentry"],"aioseo_notices":[],"_links":{"self":[{"href":"https:\/\/exx.solutions\/es\/wp-json\/wp\/v2\/pages\/259","targetHints":{"allow":["GET"]}}],"collection":[{"href":"https:\/\/exx.solutions\/es\/wp-json\/wp\/v2\/pages"}],"about":[{"href":"https:\/\/exx.solutions\/es\/wp-json\/wp\/v2\/types\/page"}],"author":[{"embeddable":true,"href":"https:\/\/exx.solutions\/es\/wp-json\/wp\/v2\/users\/1"}],"replies":[{"embeddable":true,"href":"https:\/\/exx.solutions\/es\/wp-json\/wp\/v2\/comments?post=259"}],"version-history":[{"count":7,"href":"https:\/\/exx.solutions\/es\/wp-json\/wp\/v2\/pages\/259\/revisions"}],"predecessor-version":[{"id":271,"href":"https:\/\/exx.solutions\/es\/wp-json\/wp\/v2\/pages\/259\/revisions\/271"}],"wp:attachment":[{"href":"https:\/\/exx.solutions\/es\/wp-json\/wp\/v2\/media?parent=259"}],"curies":[{"name":"wp","href":"https:\/\/api.w.org\/{rel}","templated":true}]}}